{"id":1966,"date":"2017-05-30T14:34:53","date_gmt":"2017-05-30T17:34:53","guid":{"rendered":"http:\/\/kariribeachhotel.com.br\/new\/?page_id=1966"},"modified":"2017-08-16T14:00:20","modified_gmt":"2017-08-16T17:00:20","slug":"passeio-de-cavalo-na-praia","status":"publish","type":"page","link":"https:\/\/kariribeachhotel.com.br\/new\/index.php\/passeio-de-cavalo-na-praia\/","title":{"rendered":"PASSEIO DE CAVALO NA PRAIA"},"content":{"rendered":"<div class=\"fusion-fullwidth fullwidth-box fusion-builder-row-1 nonhundred-percent-fullwidth non-hundred-percent-height-scrolling\" style=\"background-color: rgba(255,255,255,0);background-position: center center;background-repeat: no-repeat;padding-top:0px;padding-right:0px;padding-bottom:0px;padding-left:0px;margin-bottom: 0px;margin-top: 0px;border-width: 0px 0px 0px 0px;border-color:#eae9e9;border-style:solid;\" ><div class=\"fusion-builder-row fusion-row\"><div class=\"fusion-layout-column fusion_builder_column fusion-builder-column-0 fusion_builder_column_1_1 1_1 fusion-one-full fusion-column-first fusion-column-last\" style=\"margin-top:0px;margin-bottom:20px;\"><div class=\"fusion-column-wrapper fusion-flex-column-wrapper-legacy\" style=\"background-position:left top;background-repeat:no-repeat;-webkit-background-size:cover;-moz-background-size:cover;-o-background-size:cover;background-size:cover;padding: 0px 0px 0px 0px;\"><div class=\"fusion-text fusion-text-1\" style=\"transform:translate3d(0,0,0);\"><p style=\"letter-spacing: 4px; font-size: 13px; margin-bottom: 0px; text-align: center;\">ATIVIDADE<\/p>\n<h1 style=\"text-align: center;\">Passeio a Cavalo na Praia<\/h1>\n<p>&nbsp;<\/p>\n<\/div><div class=\"fusion-sep-clear\"><\/div><div class=\"fusion-separator\" style=\"margin-left: auto;margin-right: auto;margin-bottom:20px;width:100%;max-width:50px;\"><div class=\"fusion-separator-border sep-single sep-solid\" style=\"border-color:#cbaa5c;border-top-width:1px;\"><\/div><\/div><div class=\"fusion-sep-clear\"><\/div><div class=\"fusion-text fusion-text-2\" style=\"transform:translate3d(0,0,0);\"><p style=\"text-align: center;\"><span style=\"font-weight: 400;\">Os passeios a cavalo s\u00e3o <\/span><span style=\"font-weight: 400;\">feitos<\/span><span style=\"font-weight: 400;\"> com animais bem cuidados e em \u00f3timo estado de sa\u00fade.\u00a0<\/span><span style=\"font-weight: 400;\">Com <\/span><span style=\"font-weight: 400;\">total seguran\u00e7a, voc\u00ea pode aproveitar ao m\u00e1ximo a paisagem.<\/span><\/p>\n<\/div><div class=\"fusion-clearfix\"><\/div><\/div><\/div><\/div><\/div>\n","protected":false},"excerpt":{"rendered":"","protected":false},"author":1,"featured_media":0,"parent":0,"menu_order":0,"comment_status":"closed","ping_status":"closed","template":"","meta":{"_bbp_topic_count":0,"_bbp_reply_count":0,"_bbp_total_topic_count":0,"_bbp_total_reply_count":0,"_bbp_voice_count":0,"_bbp_anonymous_reply_count":0,"_bbp_topic_count_hidden":0,"_bbp_reply_count_hidden":0,"_bbp_forum_subforum_count":0},"_links":{"self":[{"href":"https:\/\/kariribeachhotel.com.br\/new\/index.php\/wp-json\/wp\/v2\/pages\/1966"}],"collection":[{"href":"https:\/\/kariribeachhotel.com.br\/new\/index.php\/wp-json\/wp\/v2\/pages"}],"about":[{"href":"https:\/\/kariribeachhotel.com.br\/new\/index.php\/wp-json\/wp\/v2\/types\/page"}],"author":[{"embeddable":true,"href":"https:\/\/kariribeachhotel.com.br\/new\/index.php\/wp-json\/wp\/v2\/users\/1"}],"replies":[{"embeddable":true,"href":"https:\/\/kariribeachhotel.com.br\/new\/index.php\/wp-json\/wp\/v2\/comments?post=1966"}],"version-history":[{"count":6,"href":"https:\/\/kariribeachhotel.com.br\/new\/index.php\/wp-json\/wp\/v2\/pages\/1966\/revisions"}],"predecessor-version":[{"id":2217,"href":"https:\/\/kariribeachhotel.com.br\/new\/index.php\/wp-json\/wp\/v2\/pages\/1966\/revisions\/2217"}],"wp:attachment":[{"href":"https:\/\/kariribeachhotel.com.br\/new\/index.php\/wp-json\/wp\/v2\/media?parent=1966"}],"curies":[{"name":"wp","href":"https:\/\/api.w.org\/{rel}","templated":true}]}}