{"id":1595,"date":"2015-02-03T20:14:31","date_gmt":"2015-02-03T20:14:31","guid":{"rendered":"http:\/\/avada.theme-fusion.com_demos\/hotel\/?page_id=9"},"modified":"2017-08-16T15:15:44","modified_gmt":"2017-08-16T18:15:44","slug":"activities","status":"publish","type":"page","link":"https:\/\/kariribeachhotel.com.br\/new\/index.php\/activities\/","title":{"rendered":"Atividades"},"content":{"rendered":"<div class=\"fusion-fullwidth fullwidth-box fusion-builder-row-1 nonhundred-percent-fullwidth non-hundred-percent-height-scrolling\" style=\"background-color: rgba(255,255,255,0);background-position: center center;background-repeat: no-repeat;padding-top:0px;padding-right:0px;padding-bottom:0px;padding-left:0px;margin-bottom: 0px;margin-top: 0px;border-width: 0px 0px 0px 0px;border-color:#eae9e9;border-style:solid;\" ><div class=\"fusion-builder-row fusion-row\"><div class=\"fusion-layout-column fusion_builder_column fusion-builder-column-0 fusion_builder_column_1_1 1_1 fusion-one-full fusion-column-first fusion-column-last\" style=\"margin-top:0px;margin-bottom:20px;\"><div class=\"fusion-column-wrapper fusion-flex-column-wrapper-legacy\" style=\"background-position:left top;background-repeat:no-repeat;-webkit-background-size:cover;-moz-background-size:cover;-o-background-size:cover;background-size:cover;padding: 0px 0px 0px 0px;\"><div class=\"fusion-text fusion-text-1\" style=\"transform:translate3d(0,0,0);\"><h1 style=\"text-align: center;\">Atividades em Destaque<\/h1>\n<\/div><div class=\"fusion-sep-clear\"><\/div><div class=\"fusion-separator\" style=\"margin-left: auto;margin-right: auto;margin-bottom:20px;width:100%;max-width:50px;\"><div class=\"fusion-separator-border sep-single sep-solid\" style=\"border-color:#cbaa5c;border-top-width:1px;\"><\/div><\/div><div class=\"fusion-sep-clear\"><\/div><div class=\"fusion-clearfix\"><\/div><\/div><\/div><div class=\"fusion-layout-column fusion_builder_column fusion-builder-column-1 fusion_builder_column_1_1 1_1 fusion-one-full fusion-column-first fusion-column-last\" style=\"margin-top:0px;margin-bottom:20px;\"><div class=\"fusion-column-wrapper fusion-flex-column-wrapper-legacy\" style=\"background-position:left top;background-repeat:no-repeat;-webkit-background-size:cover;-moz-background-size:cover;-o-background-size:cover;background-size:cover;padding: 0px 0px 0px 0px;\"><div class=\"imageframe-align-center\"><span class=\" fusion-imageframe imageframe-dropshadow imageframe-1 hover-type-none\" style=\"border:12px solid #f6f6f6;-webkit-box-shadow: 3px 3px 7px rgba(0,0,0,0.3);box-shadow: 3px 3px 7px rgba(0,0,0,0.3);\"><img width=\"1024\" height=\"640\" title=\"Kitesurf Home\" src=\"https:\/\/kariribeachhotel.com.br\/new\/wp-content\/uploads\/2015\/01\/Kitesurf-Home-1024x640.jpg\" class=\"img-responsive wp-image-1730\" srcset=\"https:\/\/kariribeachhotel.com.br\/new\/wp-content\/uploads\/2015\/01\/Kitesurf-Home-200x125.jpg 200w, https:\/\/kariribeachhotel.com.br\/new\/wp-content\/uploads\/2015\/01\/Kitesurf-Home-400x250.jpg 400w, https:\/\/kariribeachhotel.com.br\/new\/wp-content\/uploads\/2015\/01\/Kitesurf-Home-600x375.jpg 600w, https:\/\/kariribeachhotel.com.br\/new\/wp-content\/uploads\/2015\/01\/Kitesurf-Home-800x500.jpg 800w, https:\/\/kariribeachhotel.com.br\/new\/wp-content\/uploads\/2015\/01\/Kitesurf-Home.jpg 1200w\" sizes=\"(max-width: 1105px) 100vw, 1024px\" \/><\/span><\/div><div class=\"fusion-sep-clear\"><\/div><div class=\"fusion-separator\" style=\"margin-left: auto;margin-right: auto;margin-bottom:20px;width:100%;max-width:50px;\"><div class=\"fusion-separator-border sep-single sep-solid\" style=\"border-color:#cbaa5c;border-top-width:1px;\"><\/div><\/div><div class=\"fusion-sep-clear\"><\/div><div class=\"fusion-text fusion-text-2\" style=\"transform:translate3d(0,0,0);\"><h1 style=\"text-align: center;\">Kitesurf<\/h1>\n<\/div><div class=\"fusion-text fusion-text-3\" style=\"transform:translate3d(0,0,0);\"><p style=\"text-align: center;\">Aqui voc\u00ea pode se sentir literalmente nas alturas, atrav\u00e9s do Kitesurf que \u00e9 um esporte aqu\u00e1tico,<br \/>\nque utiliza uma pipa e uma prancha com uma estrutura de suporte para os p\u00e9s.<\/p>\n<\/div><div class=\"fusion-sep-clear\"><\/div><div class=\"fusion-separator fusion-full-width-sep\" style=\"margin-left: auto;margin-right: auto;width:100%;\"><\/div><div class=\"fusion-sep-clear\"><\/div><div class=\"fusion-aligncenter\"><style type=\"text\/css\">.fusion-button.button-1 {border-radius:2px;}<\/style><a class=\"fusion-button button-flat fusion-button-default-size button-default button-1 fusion-button-default-span fusion-button-default-type\" target=\"_self\" href=\"https:\/\/kariribeachhotel.com.br\/new\/index.php\/kitesurf\/\"><span class=\"fusion-button-text\">VEJA MAIS<\/span><\/a><\/div><div class=\"fusion-sep-clear\"><\/div><div class=\"fusion-separator fusion-full-width-sep\" style=\"margin-left: auto;margin-right: auto;margin-bottom:20px;width:100%;\"><\/div><div class=\"fusion-sep-clear\"><\/div><div class=\"fusion-clearfix\"><\/div><\/div><\/div><div class=\"fusion-layout-column fusion_builder_column fusion-builder-column-2 fusion_builder_column_1_2 1_2 fusion-one-half fusion-column-first\" style=\"width:50%;width:calc(50% - ( ( 4% ) * 0.5 ) );margin-right: 4%;margin-top:0px;margin-bottom:20px;\"><div class=\"fusion-column-wrapper fusion-flex-column-wrapper-legacy\" style=\"background-position:left top;background-repeat:no-repeat;-webkit-background-size:cover;-moz-background-size:cover;-o-background-size:cover;background-size:cover;padding: 0px 0px 0px 0px;\"><div class=\"imageframe-align-center\"><span class=\" fusion-imageframe imageframe-dropshadow imageframe-2 hover-type-none\" style=\"border:12px solid #f6f6f6;-webkit-box-shadow: 3px 3px 7px rgba(0,0,0,0.3);box-shadow: 3px 3px 7px rgba(0,0,0,0.3);\"><img width=\"300\" height=\"188\" title=\"Passeio de Buggy Home\" src=\"https:\/\/kariribeachhotel.com.br\/new\/wp-content\/uploads\/2015\/01\/Passeio-de-Buggy-Home-300x188.jpg\" class=\"img-responsive wp-image-1728\" srcset=\"https:\/\/kariribeachhotel.com.br\/new\/wp-content\/uploads\/2015\/01\/Passeio-de-Buggy-Home-200x125.jpg 200w, https:\/\/kariribeachhotel.com.br\/new\/wp-content\/uploads\/2015\/01\/Passeio-de-Buggy-Home-400x250.jpg 400w, https:\/\/kariribeachhotel.com.br\/new\/wp-content\/uploads\/2015\/01\/Passeio-de-Buggy-Home-600x375.jpg 600w, https:\/\/kariribeachhotel.com.br\/new\/wp-content\/uploads\/2015\/01\/Passeio-de-Buggy-Home-800x500.jpg 800w, https:\/\/kariribeachhotel.com.br\/new\/wp-content\/uploads\/2015\/01\/Passeio-de-Buggy-Home.jpg 1200w\" sizes=\"(max-width: 1105px) 100vw, 600px\" \/><\/span><\/div><div class=\"fusion-sep-clear\"><\/div><div class=\"fusion-separator\" style=\"margin-left: auto;margin-right: auto;margin-bottom:20px;width:100%;max-width:50px;\"><div class=\"fusion-separator-border sep-single sep-solid\" style=\"border-color:#cbaa5c;border-top-width:1px;\"><\/div><\/div><div class=\"fusion-sep-clear\"><\/div><div class=\"fusion-text fusion-text-4\" style=\"transform:translate3d(0,0,0);\"><h4 style=\"text-align: center;\">Passeio de Buggy<\/h4>\n<\/div><div class=\"fusion-text fusion-text-5\" style=\"transform:translate3d(0,0,0);\"><p style=\"text-align: center;\">No Cumbuco os passeios de buggy s\u00e3o com ve\u00edculos revisados e em \u00f3tima conserva\u00e7\u00e3o, com seguran\u00e7a e conforto para voc\u00ea aproveitar ao m\u00e1ximo o passeio. Tudo isso num incrivel passeio completo.<\/p>\n<\/div><div class=\"fusion-sep-clear\"><\/div><div class=\"fusion-separator fusion-full-width-sep\" style=\"margin-left: auto;margin-right: auto;width:100%;\"><\/div><div class=\"fusion-sep-clear\"><\/div><div class=\"fusion-aligncenter\"><style type=\"text\/css\">.fusion-button.button-2 {border-radius:2px;}<\/style><a class=\"fusion-button button-flat fusion-button-default-size button-default button-2 fusion-button-default-span fusion-button-default-type\" target=\"_self\" href=\"https:\/\/kariribeachhotel.com.br\/new\/index.php\/passeio-de-buggy\/\"><span class=\"fusion-button-text\">VEJA MAIS<\/span><\/a><\/div><div class=\"fusion-clearfix\"><\/div><\/div><\/div><div class=\"fusion-layout-column fusion_builder_column fusion-builder-column-3 fusion_builder_column_1_2 1_2 fusion-one-half fusion-column-last\" style=\"width:50%;width:calc(50% - ( ( 4% ) * 0.5 ) );margin-top:0px;margin-bottom:20px;\"><div class=\"fusion-column-wrapper fusion-flex-column-wrapper-legacy\" style=\"background-position:left top;background-repeat:no-repeat;-webkit-background-size:cover;-moz-background-size:cover;-o-background-size:cover;background-size:cover;padding: 0px 0px 0px 0px;\"><div class=\"imageframe-align-center\"><span class=\" fusion-imageframe imageframe-dropshadow imageframe-3 hover-type-none\" style=\"border:12px solid #f6f6f6;-webkit-box-shadow: 3px 3px 7px rgba(0,0,0,0.3);box-shadow: 3px 3px 7px rgba(0,0,0,0.3);\"><img width=\"300\" height=\"188\" title=\"Passeio de Cavalo Home\" src=\"https:\/\/kariribeachhotel.com.br\/new\/wp-content\/uploads\/2015\/01\/Passeio-de-Cavalo-Home-300x188.jpg\" class=\"img-responsive wp-image-1729\" srcset=\"https:\/\/kariribeachhotel.com.br\/new\/wp-content\/uploads\/2015\/01\/Passeio-de-Cavalo-Home-200x125.jpg 200w, https:\/\/kariribeachhotel.com.br\/new\/wp-content\/uploads\/2015\/01\/Passeio-de-Cavalo-Home-400x250.jpg 400w, https:\/\/kariribeachhotel.com.br\/new\/wp-content\/uploads\/2015\/01\/Passeio-de-Cavalo-Home-600x375.jpg 600w, https:\/\/kariribeachhotel.com.br\/new\/wp-content\/uploads\/2015\/01\/Passeio-de-Cavalo-Home-800x500.jpg 800w, https:\/\/kariribeachhotel.com.br\/new\/wp-content\/uploads\/2015\/01\/Passeio-de-Cavalo-Home.jpg 1200w\" sizes=\"(max-width: 1105px) 100vw, 600px\" \/><\/span><\/div><div class=\"fusion-sep-clear\"><\/div><div class=\"fusion-separator\" style=\"margin-left: auto;margin-right: auto;margin-bottom:20px;width:100%;max-width:50px;\"><div class=\"fusion-separator-border sep-single sep-solid\" style=\"border-color:#cbaa5c;border-top-width:1px;\"><\/div><\/div><div class=\"fusion-sep-clear\"><\/div><div class=\"fusion-text fusion-text-6\" style=\"transform:translate3d(0,0,0);\"><h4 style=\"text-align: center;\">Passeio de\u00a0Cavalo na Praia<\/h4>\n<\/div><div class=\"fusion-text fusion-text-7\" style=\"transform:translate3d(0,0,0);\"><p style=\"text-align: center;\">Os passeios de cavalo s\u00e3o com animais bem cuidados e em \u00f3timo estado de sa\u00fade. Acontecem com total seguran\u00e7a para que voc\u00ea aproveitar ao m\u00e1ximo o passeio e a paisagem.<\/p>\n<\/div><div class=\"fusion-sep-clear\"><\/div><div class=\"fusion-separator fusion-full-width-sep\" style=\"margin-left: auto;margin-right: auto;width:100%;\"><\/div><div class=\"fusion-sep-clear\"><\/div><div class=\"fusion-aligncenter\"><style type=\"text\/css\">.fusion-button.button-3 {border-radius:2px;}<\/style><a class=\"fusion-button button-flat fusion-button-default-size button-default button-3 fusion-button-default-span fusion-button-default-type\" target=\"_self\" href=\"https:\/\/kariribeachhotel.com.br\/new\/index.php\/passeio-de-cavalo-na-praia\/\"><span class=\"fusion-button-text\">VEJA MAIS<\/span><\/a><\/div><div class=\"fusion-clearfix\"><\/div><\/div><\/div><div class=\"fusion-layout-column fusion_builder_column fusion-builder-column-4 fusion_builder_column_1_1 1_1 fusion-one-full fusion-column-first fusion-column-last\" style=\"margin-top:0px;margin-bottom:20px;\"><div class=\"fusion-column-wrapper fusion-flex-column-wrapper-legacy\" style=\"background-position:left top;background-repeat:no-repeat;-webkit-background-size:cover;-moz-background-size:cover;-o-background-size:cover;background-size:cover;padding: 0px 0px 0px 0px;\"><div class=\"fusion-sep-clear\"><\/div><div class=\"fusion-separator fusion-full-width-sep\" style=\"margin-left: auto;margin-right: auto;margin-bottom:20px;width:100%;\"><\/div><div class=\"fusion-sep-clear\"><\/div><div class=\"fusion-clearfix\"><\/div><\/div><\/div><\/div><\/div>\n","protected":false},"excerpt":{"rendered":"","protected":false},"author":1,"featured_media":0,"parent":0,"menu_order":0,"comment_status":"open","ping_status":"open","template":"100-width.php","meta":{"_bbp_topic_count":0,"_bbp_reply_count":0,"_bbp_total_topic_count":0,"_bbp_total_reply_count":0,"_bbp_voice_count":0,"_bbp_anonymous_reply_count":0,"_bbp_topic_count_hidden":0,"_bbp_reply_count_hidden":0,"_bbp_forum_subforum_count":0},"_links":{"self":[{"href":"https:\/\/kariribeachhotel.com.br\/new\/index.php\/wp-json\/wp\/v2\/pages\/1595"}],"collection":[{"href":"https:\/\/kariribeachhotel.com.br\/new\/index.php\/wp-json\/wp\/v2\/pages"}],"about":[{"href":"https:\/\/kariribeachhotel.com.br\/new\/index.php\/wp-json\/wp\/v2\/types\/page"}],"author":[{"embeddable":true,"href":"https:\/\/kariribeachhotel.com.br\/new\/index.php\/wp-json\/wp\/v2\/users\/1"}],"replies":[{"embeddable":true,"href":"https:\/\/kariribeachhotel.com.br\/new\/index.php\/wp-json\/wp\/v2\/comments?post=1595"}],"version-history":[{"count":27,"href":"https:\/\/kariribeachhotel.com.br\/new\/index.php\/wp-json\/wp\/v2\/pages\/1595\/revisions"}],"predecessor-version":[{"id":2158,"href":"https:\/\/kariribeachhotel.com.br\/new\/index.php\/wp-json\/wp\/v2\/pages\/1595\/revisions\/2158"}],"wp:attachment":[{"href":"https:\/\/kariribeachhotel.com.br\/new\/index.php\/wp-json\/wp\/v2\/media?parent=1595"}],"curies":[{"name":"wp","href":"https:\/\/api.w.org\/{rel}","templated":true}]}}